{"id":4390,"date":"2022-03-10T10:46:32","date_gmt":"2022-03-10T07:46:32","guid":{"rendered":"https:\/\/2ypremium.com.tr\/corporate\/the-message-of-the-ceo\/"},"modified":"2022-03-10T10:46:34","modified_gmt":"2022-03-10T07:46:34","slug":"the-message-of-the-ceo","status":"publish","type":"page","link":"https:\/\/www.2ypremium.com.tr\/en\/corporate\/the-message-of-the-ceo\/","title":{"rendered":"THE MESSAGE OF THE CEO"},"content":{"rendered":"<p><div class=\"fusion-fullwidth fullwidth-box fusion-builder-row-1 fusion-flex-container nonhundred-percent-fullwidth non-hundred-percent-height-scrolling\" style=\"--awb-border-radius-top-left:0px;--awb-border-radius-top-right:0px;--awb-border-radius-bottom-right:0px;--awb-border-radius-bottom-left:0px;--awb-margin-bottom:10px;--awb-flex-wrap:wrap;\" ><div class=\"fusion-builder-row fusion-row fusion-flex-align-items-flex-start fusion-flex-content-wrap\" style=\"max-width:1430px;margin-left: calc(-4% \/ 2 );margin-right: calc(-4% \/ 2 );\"><div class=\"fusion-layout-column fusion_builder_column fusion-builder-column-0 fusion_builder_column_1_1 1_1 fusion-flex-column fusion-no-large-visibility\" style=\"--awb-bg-size:cover;--awb-width-large:100%;--awb-margin-top-large:0px;--awb-spacing-right-large:1.92%;--awb-margin-bottom-large:0px;--awb-spacing-left-large:1.92%;--awb-width-medium:100%;--awb-spacing-right-medium:1.92%;--awb-spacing-left-medium:1.92%;--awb-width-small:100%;--awb-spacing-right-small:1.92%;--awb-spacing-left-small:1.92%;\"><div class=\"fusion-column-wrapper fusion-column-has-shadow fusion-flex-justify-content-flex-start fusion-content-layout-column\"><div class=\"fusion-separator fusion-full-width-sep\" style=\"align-self: center;margin-left: auto;margin-right: auto;margin-bottom:3%;width:100%;\"><\/div><\/div><\/div><div class=\"fusion-layout-column fusion_builder_column fusion-builder-column-1 fusion_builder_column_1_2 1_2 fusion-flex-column fusion-column-inner-bg-wrapper fusion-column-hover-type-liftup fusion-column-liftup-border fusion-animated\" style=\"--awb-padding-top:10%;--awb-padding-bottom:20px;--awb-inner-bg-image:linear-gradient(180deg, rgba(0,0,0,0) 86%,rgba(3,3,3,0.79) 100%);;--awb-inner-bg-size:cover;--awb-width-large:50%;--awb-margin-top-large:0px;--awb-spacing-right-large:7.68%;--awb-margin-bottom-large:0px;--awb-spacing-left-large:3.84%;--awb-width-medium:100%;--awb-order-medium:0;--awb-spacing-right-medium:1.92%;--awb-spacing-left-medium:1.92%;--awb-width-small:100%;--awb-order-small:0;--awb-spacing-right-small:1.92%;--awb-spacing-left-small:1.92%;\" data-animationType=\"fadeInUp\" data-animationDuration=\"0.6\" data-animationOffset=\"top-into-view\"><span class=\"fusion-column-inner-bg hover-type-liftup\"><span class=\"fusion-column-anchor\"><span class=\"fusion-column-inner-bg-image lazyload\" data-bg=\"https:\/\/2ypremium.com.tr\/wp-content\/uploads\/2021\/08\/baskanin-mesaji-sol.jpg\" data-bg-gradient=\"linear-gradient(180deg, rgba(0,0,0,0) 86%,rgba(3,3,3,0.79) 100%)\"><\/span><\/span><\/span><div class=\"fusion-column-wrapper fusion-flex-justify-content-flex-start fusion-content-layout-column fusion-empty-column-bg-image fusion-column-has-bg-image\" data-bg-url=\"https:\/\/2ypremium.com.tr\/wp-content\/uploads\/2021\/08\/baskanin-mesaji-sol.jpg\"><img decoding=\"async\" class=\"fusion-empty-dims-img-placeholder fusion-no-large-visibility\" src=\"data:image\/gif;base64,R0lGODlhAQABAAAAACH5BAEKAAEALAAAAAABAAEAAAICTAEAOw==\"><\/div><\/div><div class=\"fusion-layout-column fusion_builder_column fusion-builder-column-2 fusion_builder_column_1_2 1_2 fusion-flex-column fusion-animated\" style=\"--awb-padding-top:8%;--awb-padding-right:8%;--awb-padding-bottom:8%;--awb-bg-size:cover;--awb-width-large:50%;--awb-margin-top-large:0px;--awb-spacing-right-large:3.84%;--awb-margin-bottom-large:0px;--awb-spacing-left-large:7.68%;--awb-width-medium:100%;--awb-spacing-right-medium:1.92%;--awb-spacing-left-medium:1.92%;--awb-width-small:100%;--awb-spacing-right-small:1.92%;--awb-spacing-left-small:1.92%;\" data-animationType=\"fadeInUp\" data-animationDuration=\"1.0\" data-animationOffset=\"top-into-view\"><div class=\"fusion-column-wrapper fusion-column-has-shadow fusion-flex-justify-content-flex-start fusion-content-layout-column\"><div class=\"fusion-separator fusion-no-large-visibility fusion-full-width-sep\" style=\"align-self: center;margin-left: auto;margin-right: auto;margin-bottom:4%;width:100%;\"><\/div><div class=\"fusion-title title fusion-title-1 fusion-sep-none fusion-title-text fusion-title-size-two\" style=\"--awb-margin-top:30px;--awb-margin-bottom:40px;--awb-font-size:70px;\"><h2 class=\"fusion-title-heading title-heading-left fusion-responsive-typography-calculated\" style=\"margin:0;font-size:1em;--fontSize:70;line-height:1.2;\">THE FIRST CHOICE OF COMPANIES WORLDWIDE.<\/h2><\/div><div class=\"fusion-text fusion-text-1\"><p>The power underlying us to reach these goals step by step by setting big goals is the work of our management staff as a team for many years. The most important factor that leads us to success is that our employees embrace their work and see it as their own work. We, too, with our employees, whom we see as a big family, are on the way to become one of the respected companies in the textile industry, by always pursuing new successes, without compromising our principles within the framework of mutual love and respect.<\/p>\n<p>Our goal is to be the first choice of all world famous brands.<\/p>\n<\/div><div class=\"fusion-separator fusion-full-width-sep\" style=\"align-self: center;margin-left: auto;margin-right: auto;margin-bottom:3%;width:100%;\"><\/div><\/div><\/div><\/div><\/div><div class=\"fusion-fullwidth fullwidth-box fusion-builder-row-2 fusion-flex-container nonhundred-percent-fullwidth non-hundred-percent-height-scrolling\" style=\"--awb-border-radius-top-left:0px;--awb-border-radius-top-right:0px;--awb-border-radius-bottom-right:0px;--awb-border-radius-bottom-left:0px;--awb-padding-bottom:1%;--awb-flex-wrap:wrap;\" ><div class=\"fusion-builder-row fusion-row fusion-flex-align-items-flex-start fusion-flex-content-wrap\" style=\"max-width:1430px;margin-left: calc(-4% \/ 2 );margin-right: calc(-4% \/ 2 );\"><div class=\"fusion-layout-column fusion_builder_column fusion-builder-column-3 fusion_builder_column_1_2 1_2 fusion-flex-column fusion-animated\" style=\"--awb-padding-right:6%;--awb-padding-left:6%;--awb-bg-size:cover;--awb-width-large:50%;--awb-margin-top-large:0px;--awb-spacing-right-large:3.84%;--awb-margin-bottom-large:8%;--awb-spacing-left-large:3.84%;--awb-width-medium:100%;--awb-order-medium:0;--awb-spacing-right-medium:1.92%;--awb-spacing-left-medium:1.92%;--awb-width-small:100%;--awb-order-small:0;--awb-spacing-right-small:1.92%;--awb-spacing-left-small:1.92%;\" data-animationType=\"fadeInUp\" data-animationDuration=\"0.6\" data-animationOffset=\"top-into-view\"><div class=\"fusion-column-wrapper fusion-column-has-shadow fusion-flex-justify-content-flex-start fusion-content-layout-column\"><div class=\"fusion-separator fusion-no-large-visibility fusion-full-width-sep\" style=\"align-self: center;margin-left: auto;margin-right: auto;margin-bottom:8%;width:100%;\"><\/div><i class=\"fb-icon-element-1 fb-icon-element fontawesome-icon restaurant-sushi-10 circle-no\" style=\"--awb-iconcolor:#b7b7b7;--awb-iconcolor-hover:#b7b7b7;--awb-font-size:96px;--awb-align-self:center;--awb-margin-top:0px;--awb-margin-right:0px;--awb-margin-bottom:7%;--awb-margin-left:0px;\"><\/i><div class=\"fusion-title title fusion-title-2 fusion-sep-none fusion-title-center fusion-title-text fusion-title-size-two\" style=\"--awb-margin-bottom:6%;\"><h2 class=\"fusion-title-heading title-heading-center fusion-responsive-typography-calculated\" style=\"margin:0;--fontSize:31;line-height:1.5;\">ERKEK KREASYONU<\/h2><\/div><div class=\"fusion-separator\" style=\"align-self: center;margin-left: auto;margin-right: auto;margin-bottom:7%;width:100%;max-width:65px;\"><div class=\"fusion-separator-border sep-single sep-solid\" style=\"--awb-height:20px;--awb-amount:20px;border-color:#e0dede;border-top-width:1px;\"><\/div><\/div><div class=\"fusion-text fusion-text-2\"><p style=\"text-align: center; font-size: 17px;\" data-fusion-font=\"true\">Erkek sokak ve g\u00fcnl\u00fck modas\u0131 ile ilgili modellerimize ula\u015fmak i\u00e7in t\u0131klay\u0131n\u0131z.<\/p>\n<\/div><div class=\"fusion-separator\" style=\"align-self: center;margin-left: auto;margin-right: auto;margin-bottom:3%;width:100%;max-width:65px;\"><\/div><div style=\"text-align:center;\"><a class=\"fusion-button button-flat fusion-button-default-size button-custom fusion-button-default button-1 fusion-button-default-span fusion-button-default-type\" style=\"--button_accent_color:#030303;--button_accent_hover_color:#030303;--button_border_hover_color:#030303;--button_gradient_top_color:rgba(255,255,255,0);--button_gradient_bottom_color:rgba(255,255,255,0);--button_gradient_top_color_hover:#ffffff;--button_gradient_bottom_color_hover:#ffffff;\" target=\"_self\" href=\"\/urunler\/erkek-kreasyonu\/\"><span class=\"fusion-button-text awb-button__text awb-button__text--default\">G\u00d6Z AT<\/span><\/a><\/div><div class=\"fusion-separator fusion-no-large-visibility fusion-full-width-sep\" style=\"align-self: center;margin-left: auto;margin-right: auto;margin-bottom:8%;width:100%;\"><\/div><\/div><\/div><div class=\"fusion-layout-column fusion_builder_column fusion-builder-column-4 fusion_builder_column_1_2 1_2 fusion-flex-column fusion-animated\" style=\"--awb-padding-right:6%;--awb-padding-left:6%;--awb-bg-size:cover;--awb-width-large:50%;--awb-margin-top-large:0px;--awb-spacing-right-large:3.84%;--awb-margin-bottom-large:8%;--awb-spacing-left-large:3.84%;--awb-width-medium:100%;--awb-spacing-right-medium:1.92%;--awb-spacing-left-medium:1.92%;--awb-width-small:100%;--awb-spacing-right-small:1.92%;--awb-spacing-left-small:1.92%;\" data-animationType=\"fadeInUp\" data-animationDuration=\"0.8\" data-animationOffset=\"top-into-view\"><div class=\"fusion-column-wrapper fusion-column-has-shadow fusion-flex-justify-content-flex-start fusion-content-layout-column\"><i class=\"fb-icon-element-2 fb-icon-element fontawesome-icon restaurant-sushi-7 circle-no\" style=\"--awb-iconcolor:#b7b7b7;--awb-iconcolor-hover:#b7b7b7;--awb-font-size:96px;--awb-align-self:center;--awb-margin-top:0px;--awb-margin-right:0px;--awb-margin-bottom:7%;--awb-margin-left:0px;\"><\/i><div class=\"fusion-title title fusion-title-3 fusion-sep-none fusion-title-center fusion-title-text fusion-title-size-two\" style=\"--awb-margin-bottom:6%;\"><h2 class=\"fusion-title-heading title-heading-center fusion-responsive-typography-calculated\" style=\"margin:0;--fontSize:31;line-height:1.5;\">KADIN KREASYONU<\/h2><\/div><div class=\"fusion-separator\" style=\"align-self: center;margin-left: auto;margin-right: auto;margin-bottom:7%;width:100%;max-width:65px;\"><div class=\"fusion-separator-border sep-single sep-solid\" style=\"--awb-height:20px;--awb-amount:20px;border-color:#e0dede;border-top-width:1px;\"><\/div><\/div><div class=\"fusion-text fusion-text-3\"><p style=\"text-align: center; font-size: 17px;\" data-fusion-font=\"true\">Enerjik, Dinamik ve Moday\u0131 takip eden kreasyonlar\u0131m\u0131zla ilgili detayl\u0131 bilgi almak i\u00e7in t\u0131klay\u0131n.<\/p>\n<\/div><div class=\"fusion-separator\" style=\"align-self: center;margin-left: auto;margin-right: auto;margin-bottom:3%;width:100%;max-width:65px;\"><\/div><div style=\"text-align:center;\"><a class=\"fusion-button button-flat fusion-button-default-size button-custom fusion-button-default button-2 fusion-button-default-span fusion-button-default-type\" style=\"--button_accent_color:#030303;--button_accent_hover_color:#030303;--button_border_hover_color:#030303;--button_gradient_top_color:rgba(255,255,255,0);--button_gradient_bottom_color:rgba(255,255,255,0);--button_gradient_top_color_hover:#ffffff;--button_gradient_bottom_color_hover:#ffffff;\" target=\"_self\" href=\"https:\/\/2ypremium.com.tr\/urunler\/kadin-kreasyonu\/\"><span class=\"fusion-button-text awb-button__text awb-button__text--default\">G\u00d6Z AT<\/span><\/a><\/div><div class=\"fusion-separator fusion-no-large-visibility fusion-full-width-sep\" style=\"align-self: center;margin-left: auto;margin-right: auto;margin-bottom:8%;width:100%;\"><\/div><\/div><\/div><\/div><\/div>\n<div class=\"fusion-fullwidth fullwidth-box fusion-builder-row-3 fusion-flex-container nonhundred-percent-fullwidth non-hundred-percent-height-scrolling\" style=\"--awb-border-radius-top-left:0px;--awb-border-radius-top-right:0px;--awb-border-radius-bottom-right:0px;--awb-border-radius-bottom-left:0px;--awb-padding-top:0%;--awb-flex-wrap:wrap;\" ><div class=\"fusion-builder-row fusion-row fusion-flex-align-items-stretch fusion-flex-content-wrap\" style=\"max-width:calc( 1375px + 0px );margin-left: calc(-0px \/ 2 );margin-right: calc(-0px \/ 2 );\"><div class=\"fusion-layout-column fusion_builder_column fusion-builder-column-5 fusion_builder_column_1_2 1_2 fusion-flex-column fusion-column-inner-bg-wrapper fusion-animated\" style=\"--awb-padding-top-medium:20vh;--awb-padding-bottom-medium:20vh;--awb-inner-bg-position:center bottom;--awb-inner-bg-size:cover;--awb-width-large:50%;--awb-margin-top-large:0px;--awb-spacing-right-large:0px;--awb-margin-bottom-large:0px;--awb-spacing-left-large:0px;--awb-width-medium:100%;--awb-order-medium:0;--awb-spacing-right-medium:0px;--awb-spacing-left-medium:0px;--awb-width-small:100%;--awb-order-small:0;--awb-spacing-right-small:0px;--awb-spacing-left-small:0px;\" data-animationType=\"fadeIn\" data-animationDuration=\"1.0\" data-animationOffset=\"top-into-view\"><span class=\"fusion-column-inner-bg hover-type-none\"><a class=\"fusion-column-anchor\" href=\"https:\/\/2ypremium.com.tr\/en\/contact-us\/\"><span class=\"fusion-column-inner-bg-image lazyload\" data-bg=\"https:\/\/2ypremium.com.tr\/wp-content\/uploads\/2022\/03\/all-c2a.jpg\"><\/span><\/a><\/span><div class=\"fusion-column-wrapper fusion-column-has-shadow fusion-flex-justify-content-flex-start fusion-content-layout-column fusion-empty-column-bg-image fusion-column-has-bg-image\" data-bg-url=\"https:\/\/2ypremium.com.tr\/wp-content\/uploads\/2022\/03\/all-c2a.jpg\"><img decoding=\"async\" class=\"fusion-empty-dims-img-placeholder fusion-no-large-visibility\" src=\"data:image\/gif;base64,R0lGODlhAQABAAAAACH5BAEKAAEALAAAAAABAAEAAAICTAEAOw==\"><\/div><\/div><div class=\"fusion-layout-column fusion_builder_column fusion-builder-column-6 fusion_builder_column_1_2 1_2 fusion-flex-column fusion-column-inner-bg-wrapper fusion-column-hover-type-liftup fusion-column-liftup-border fusion-animated\" style=\"--awb-padding-top:15%;--awb-padding-right:15%;--awb-padding-bottom:14%;--awb-padding-left:15%;--awb-inner-bg-color:#030303;--awb-inner-bg-color-hover:#030303;--awb-inner-bg-position:center top;--awb-inner-bg-size:cover;--awb-width-large:50%;--awb-margin-top-large:0px;--awb-spacing-right-large:0px;--awb-margin-bottom-large:0px;--awb-spacing-left-large:0px;--awb-width-medium:100%;--awb-order-medium:0;--awb-spacing-right-medium:0px;--awb-spacing-left-medium:0px;--awb-width-small:100%;--awb-order-small:0;--awb-spacing-right-small:0px;--awb-spacing-left-small:0px;\" data-animationType=\"fadeIn\" data-animationDuration=\"0.6\" data-animationOffset=\"top-into-view\"><span class=\"fusion-column-inner-bg hover-type-liftup\"><a class=\"fusion-column-anchor\" href=\"https:\/\/2ypremium.com.tr\/en\/contact-us\/\"><span class=\"fusion-column-inner-bg-image\"><\/span><\/a><\/span><div class=\"fusion-column-wrapper fusion-flex-justify-content-flex-start fusion-content-layout-column\"><div class=\"fusion-title title fusion-title-4 fusion-sep-none fusion-title-text fusion-title-size-six\" style=\"--awb-text-color:#d6d6d6;--awb-margin-bottom:4%;\"><h6 class=\"fusion-title-heading title-heading-left fusion-responsive-typography-calculated\" style=\"margin:0;--fontSize:14;--minFontSize:14;line-height:1.5;\">WE REALIZE YOUR DREAMS<\/h6><\/div><div class=\"fusion-title title fusion-title-5 fusion-sep-none fusion-title-text fusion-title-size-three\" style=\"--awb-text-color:#ffffff;--awb-margin-bottom:1%;--awb-font-size:50px;\"><h3 class=\"fusion-title-heading title-heading-left fusion-responsive-typography-calculated\" style=\"margin:0;font-size:1em;--fontSize:50;line-height:1.5;\">CREATE YOUR OWN CREATURE<\/h3><\/div><div class=\"fusion-text fusion-text-4\"><p style=\"color: #ffffff; text-align: left;\">How would you like to direct the fashion together?<\/p>\n<\/div><div class=\"fusion-separator\" style=\"align-self: center;margin-left: auto;margin-right: auto;margin-bottom:6%;width:100%;max-width:70px;\"><\/div><div class=\"fusion-title title fusion-title-6 fusion-sep-none fusion-title-rotating fusion-animate-loop fusion-title-fadeIn fusion-title-size-two\" style=\"--awb-text-color:#ffffff;\"><h2 class=\"fusion-title-heading title-heading-left fusion-responsive-typography-calculated\" style=\"margin:0;--fontSize:31;line-height:1.5;\"><span class=\"fusion-animated-text-prefix\"><\/span> <span class=\"fusion-animated-texts-wrapper\" style=\"color:#ffffff;text-align: center;\" data-length=\"char\" data-minDisplayTime=\"1000\"><span class=\"fusion-animated-texts\"><span data-in-effect=\"fadeIn\" class=\"fusion-animated-text\" data-in-sequence=\"true\" data-out-reverse=\"true\" data-out-effect=\"fadeOut\">WHOLESALE ONLY<\/span><\/span><\/span> <span class=\"fusion-animated-text-postfix\"><\/span><\/h2><\/div><div style=\"text-align:left;\"><a class=\"fusion-button button-flat fusion-button-default-size button-custom fusion-button-default button-3 fusion-button-default-span fusion-button-default-type\" style=\"--button_accent_color:#ffffff;--button_accent_hover_color:#030303;--button_border_hover_color:#030303;--button_gradient_top_color:rgba(255,255,255,0);--button_gradient_bottom_color:rgba(255,255,255,0);--button_gradient_top_color_hover:#ffffff;--button_gradient_bottom_color_hover:#ffffff;\" target=\"_self\" href=\"https:\/\/2ypremium.com.tr\/en\/contact-us\/\"><i class=\"restaurant-directions_car awb-button__icon awb-button__icon--default button-icon-left\" aria-hidden=\"true\"><\/i><span class=\"fusion-button-text awb-button__text awb-button__text--default\">CONTACT US<\/span><\/a><\/div><\/div><\/div><\/div><\/div>\n<\/p>\n","protected":false},"excerpt":{"rendered":"","protected":false},"author":1,"featured_media":4166,"parent":4380,"menu_order":20,"comment_status":"closed","ping_status":"closed","template":"","meta":{"footnotes":""},"class_list":["post-4390","page","type-page","status-publish","has-post-thumbnail","hentry"],"yoast_head":"<!-- This site is optimized with the Yoast SEO plugin v27.4 - https:\/\/yoast.com\/product\/yoast-seo-wordpress\/ -->\n<title>THE MESSAGE OF THE CEO - Adres Tekstil<\/title>\n<meta name=\"robots\" content=\"index, follow, max-snippet:-1, max-image-preview:large, max-video-preview:-1\" \/>\n<link rel=\"canonical\" href=\"https:\/\/www.2ypremium.com.tr\/kurumsal\/baskanin-mesaji\/\" \/>\n<meta property=\"og:locale\" content=\"en_US\" \/>\n<meta property=\"og:type\" content=\"article\" \/>\n<meta property=\"og:title\" content=\"THE MESSAGE OF THE CEO - Adres Tekstil\" \/>\n<meta property=\"og:url\" content=\"https:\/\/www.2ypremium.com.tr\/kurumsal\/baskanin-mesaji\/\" \/>\n<meta property=\"og:site_name\" content=\"Adres Tekstil\" \/>\n<meta property=\"article:modified_time\" content=\"2022-03-10T07:46:34+00:00\" \/>\n<meta property=\"og:image\" content=\"https:\/\/www.2ypremium.com.tr\/wp-content\/uploads\/2021\/08\/kurumsal-title-bars.jpg\" \/>\n\t<meta property=\"og:image:width\" content=\"2560\" \/>\n\t<meta property=\"og:image:height\" content=\"792\" \/>\n\t<meta property=\"og:image:type\" content=\"image\/jpeg\" \/>\n<meta name=\"twitter:card\" content=\"summary_large_image\" \/>\n<meta name=\"twitter:label1\" content=\"Est. reading time\" \/>\n\t<meta name=\"twitter:data1\" content=\"7 minutes\" \/>\n<script type=\"application\/ld+json\" class=\"yoast-schema-graph\">{\"@context\":\"https:\\\/\\\/schema.org\",\"@graph\":[{\"@type\":\"WebPage\",\"@id\":\"https:\\\/\\\/www.2ypremium.com.tr\\\/kurumsal\\\/baskanin-mesaji\\\/\",\"url\":\"https:\\\/\\\/www.2ypremium.com.tr\\\/kurumsal\\\/baskanin-mesaji\\\/\",\"name\":\"THE MESSAGE OF THE CEO - Adres Tekstil\",\"isPartOf\":{\"@id\":\"https:\\\/\\\/www.2ypremium.com.tr\\\/#website\"},\"primaryImageOfPage\":{\"@id\":\"https:\\\/\\\/www.2ypremium.com.tr\\\/kurumsal\\\/baskanin-mesaji\\\/#primaryimage\"},\"image\":{\"@id\":\"https:\\\/\\\/www.2ypremium.com.tr\\\/kurumsal\\\/baskanin-mesaji\\\/#primaryimage\"},\"thumbnailUrl\":\"https:\\\/\\\/www.2ypremium.com.tr\\\/wp-content\\\/uploads\\\/2021\\\/08\\\/kurumsal-title-bars.jpg\",\"datePublished\":\"2022-03-10T07:46:32+00:00\",\"dateModified\":\"2022-03-10T07:46:34+00:00\",\"breadcrumb\":{\"@id\":\"https:\\\/\\\/www.2ypremium.com.tr\\\/kurumsal\\\/baskanin-mesaji\\\/#breadcrumb\"},\"inLanguage\":\"en-US\",\"potentialAction\":[{\"@type\":\"ReadAction\",\"target\":[\"https:\\\/\\\/www.2ypremium.com.tr\\\/kurumsal\\\/baskanin-mesaji\\\/\"]}]},{\"@type\":\"ImageObject\",\"inLanguage\":\"en-US\",\"@id\":\"https:\\\/\\\/www.2ypremium.com.tr\\\/kurumsal\\\/baskanin-mesaji\\\/#primaryimage\",\"url\":\"https:\\\/\\\/www.2ypremium.com.tr\\\/wp-content\\\/uploads\\\/2021\\\/08\\\/kurumsal-title-bars.jpg\",\"contentUrl\":\"https:\\\/\\\/www.2ypremium.com.tr\\\/wp-content\\\/uploads\\\/2021\\\/08\\\/kurumsal-title-bars.jpg\",\"width\":2560,\"height\":792},{\"@type\":\"BreadcrumbList\",\"@id\":\"https:\\\/\\\/www.2ypremium.com.tr\\\/kurumsal\\\/baskanin-mesaji\\\/#breadcrumb\",\"itemListElement\":[{\"@type\":\"ListItem\",\"position\":1,\"name\":\"Anasayfa\",\"item\":\"https:\\\/\\\/www.2ypremium.com.tr\\\/en\\\/\"},{\"@type\":\"ListItem\",\"position\":2,\"name\":\"CORPORATE\",\"item\":\"https:\\\/\\\/www.2ypremium.com.tr\\\/kurumsal\\\/\"},{\"@type\":\"ListItem\",\"position\":3,\"name\":\"THE MESSAGE OF THE CEO\"}]},{\"@type\":\"WebSite\",\"@id\":\"https:\\\/\\\/www.2ypremium.com.tr\\\/#website\",\"url\":\"https:\\\/\\\/www.2ypremium.com.tr\\\/\",\"name\":\"Adres Tekstil\",\"description\":\"\",\"potentialAction\":[{\"@type\":\"SearchAction\",\"target\":{\"@type\":\"EntryPoint\",\"urlTemplate\":\"https:\\\/\\\/www.2ypremium.com.tr\\\/?s={search_term_string}\"},\"query-input\":{\"@type\":\"PropertyValueSpecification\",\"valueRequired\":true,\"valueName\":\"search_term_string\"}}],\"inLanguage\":\"en-US\"}]}<\/script>\n<!-- \/ Yoast SEO plugin. -->","yoast_head_json":{"title":"THE MESSAGE OF THE CEO - Adres Tekstil","robots":{"index":"index","follow":"follow","max-snippet":"max-snippet:-1","max-image-preview":"max-image-preview:large","max-video-preview":"max-video-preview:-1"},"canonical":"https:\/\/www.2ypremium.com.tr\/kurumsal\/baskanin-mesaji\/","og_locale":"en_US","og_type":"article","og_title":"THE MESSAGE OF THE CEO - Adres Tekstil","og_url":"https:\/\/www.2ypremium.com.tr\/kurumsal\/baskanin-mesaji\/","og_site_name":"Adres Tekstil","article_modified_time":"2022-03-10T07:46:34+00:00","og_image":[{"width":2560,"height":792,"url":"https:\/\/www.2ypremium.com.tr\/wp-content\/uploads\/2021\/08\/kurumsal-title-bars.jpg","type":"image\/jpeg"}],"twitter_card":"summary_large_image","twitter_misc":{"Est. reading time":"7 minutes"},"schema":{"@context":"https:\/\/schema.org","@graph":[{"@type":"WebPage","@id":"https:\/\/www.2ypremium.com.tr\/kurumsal\/baskanin-mesaji\/","url":"https:\/\/www.2ypremium.com.tr\/kurumsal\/baskanin-mesaji\/","name":"THE MESSAGE OF THE CEO - Adres Tekstil","isPartOf":{"@id":"https:\/\/www.2ypremium.com.tr\/#website"},"primaryImageOfPage":{"@id":"https:\/\/www.2ypremium.com.tr\/kurumsal\/baskanin-mesaji\/#primaryimage"},"image":{"@id":"https:\/\/www.2ypremium.com.tr\/kurumsal\/baskanin-mesaji\/#primaryimage"},"thumbnailUrl":"https:\/\/www.2ypremium.com.tr\/wp-content\/uploads\/2021\/08\/kurumsal-title-bars.jpg","datePublished":"2022-03-10T07:46:32+00:00","dateModified":"2022-03-10T07:46:34+00:00","breadcrumb":{"@id":"https:\/\/www.2ypremium.com.tr\/kurumsal\/baskanin-mesaji\/#breadcrumb"},"inLanguage":"en-US","potentialAction":[{"@type":"ReadAction","target":["https:\/\/www.2ypremium.com.tr\/kurumsal\/baskanin-mesaji\/"]}]},{"@type":"ImageObject","inLanguage":"en-US","@id":"https:\/\/www.2ypremium.com.tr\/kurumsal\/baskanin-mesaji\/#primaryimage","url":"https:\/\/www.2ypremium.com.tr\/wp-content\/uploads\/2021\/08\/kurumsal-title-bars.jpg","contentUrl":"https:\/\/www.2ypremium.com.tr\/wp-content\/uploads\/2021\/08\/kurumsal-title-bars.jpg","width":2560,"height":792},{"@type":"BreadcrumbList","@id":"https:\/\/www.2ypremium.com.tr\/kurumsal\/baskanin-mesaji\/#breadcrumb","itemListElement":[{"@type":"ListItem","position":1,"name":"Anasayfa","item":"https:\/\/www.2ypremium.com.tr\/en\/"},{"@type":"ListItem","position":2,"name":"CORPORATE","item":"https:\/\/www.2ypremium.com.tr\/kurumsal\/"},{"@type":"ListItem","position":3,"name":"THE MESSAGE OF THE CEO"}]},{"@type":"WebSite","@id":"https:\/\/www.2ypremium.com.tr\/#website","url":"https:\/\/www.2ypremium.com.tr\/","name":"Adres Tekstil","description":"","potentialAction":[{"@type":"SearchAction","target":{"@type":"EntryPoint","urlTemplate":"https:\/\/www.2ypremium.com.tr\/?s={search_term_string}"},"query-input":{"@type":"PropertyValueSpecification","valueRequired":true,"valueName":"search_term_string"}}],"inLanguage":"en-US"}]}},"_links":{"self":[{"href":"https:\/\/www.2ypremium.com.tr\/en\/wp-json\/wp\/v2\/pages\/4390","targetHints":{"allow":["GET"]}}],"collection":[{"href":"https:\/\/www.2ypremium.com.tr\/en\/wp-json\/wp\/v2\/pages"}],"about":[{"href":"https:\/\/www.2ypremium.com.tr\/en\/wp-json\/wp\/v2\/types\/page"}],"author":[{"embeddable":true,"href":"https:\/\/www.2ypremium.com.tr\/en\/wp-json\/wp\/v2\/users\/1"}],"replies":[{"embeddable":true,"href":"https:\/\/www.2ypremium.com.tr\/en\/wp-json\/wp\/v2\/comments?post=4390"}],"version-history":[{"count":2,"href":"https:\/\/www.2ypremium.com.tr\/en\/wp-json\/wp\/v2\/pages\/4390\/revisions"}],"predecessor-version":[{"id":4392,"href":"https:\/\/www.2ypremium.com.tr\/en\/wp-json\/wp\/v2\/pages\/4390\/revisions\/4392"}],"up":[{"embeddable":true,"href":"https:\/\/www.2ypremium.com.tr\/en\/wp-json\/wp\/v2\/pages\/4380"}],"wp:featuredmedia":[{"embeddable":true,"href":"https:\/\/www.2ypremium.com.tr\/en\/wp-json\/wp\/v2\/media\/4166"}],"wp:attachment":[{"href":"https:\/\/www.2ypremium.com.tr\/en\/wp-json\/wp\/v2\/media?parent=4390"}],"curies":[{"name":"wp","href":"https:\/\/api.w.org\/{rel}","templated":true}]}}